{"id":19,"date":"2022-01-19T23:05:23","date_gmt":"2022-01-19T22:05:23","guid":{"rendered":"http:\/\/labosur.es\/www\/?page_id=19"},"modified":"2016-01-20T20:16:29","modified_gmt":"2016-01-20T19:16:29","slug":"formacion","status":"publish","type":"page","link":"https:\/\/labosur.es\/www\/formacion\/","title":{"rendered":"Formaci\u00f3n"},"content":{"rendered":"<p style=\"text-align: justify;\">Disponemos de un programa de cursos que impartimos en nuestras instalaciones o bien nos desplazamos hasta en las instalaciones del cliente si este nos lo solicita. Tambi\u00e9n contamos con nuestra propia plataforma de formaci\u00f3n online que puede utilizar para realizar el curso en el momento que m\u00e1s le convenga. El certificado \u00a0acreditativo es emitido de forma inmediata mediante firma digital la cual le otorga validez, podr\u00e1 descargarlo en formato PDF en cualquier momento y desde cualquier dispositivo, ordenador, m\u00f3vil o tablet. Nuestro certificado es v\u00e1lido ante cualquier Autoridad Sanitaria en todo el territorio nacional.<br \/>\n<a href=\"http:\/\/www.manipuladores.es\/web\/\"><img decoding=\"async\" loading=\"lazy\" class=\"aligncenter\" src=\"http:\/\/www.manipuladores.es\/web\/wp-content\/uploads\/2013\/11\/logo.png\" alt=\"formaci\u00f3n\" width=\"539\" height=\"212\" \/><\/a><\/p>\n<p style=\"text-align: center;\">Accede a nuestro sitio web de <a href=\"http:\/\/www.manipuladores.es\/web\">Formaci\u00f3n Online<\/a><\/p>\n<p style=\"text-align: justify;\">Si necesita ampliar informaci\u00f3n sobre las actividades formativas\u00a0de manipulador de alimentos, visite nuestra <a href=\"http:\/\/www.manipuladores.es\/mnpa.php\/mnpa\/mapamovil\/preguntasfrecuentes\" target=\"_blank\">web<\/a>.<\/p>\n<p style=\"text-align: justify;\">La Agencia Espa\u00f1ola de Seguridad Alimentaria, organismo que depende del Ministerio de Sanidad, tiene una p\u00e1gina web donde puedes ampliar la informaci\u00f3n de forma oficial, puede entrar desde <a class=\"ui-link\" href=\"http:\/\/www.aecosan.msssi.gob.es\/AECOSAN\/web\/seguridad_alimentaria\/detalle\/formacion_higiene_alimentaria.shtml\" target=\"_blank\" rel=\"external\">aqu\u00ed<\/a>. Tambi\u00e9n puede descargar un <a class=\"ui-link\" href=\"http:\/\/www.aecosan.msssi.gob.es\/AECOSAN\/docs\/documentos\/seguridad_alimentaria\/gestion_riesgos\/Doc_criterios_minimos_manipuladores_DEFINITIVO.pdf\" target=\"_blank\" rel=\"external\">documento orientativo<\/a>\u00a0publicado por este organismo.<\/p>\n","protected":false},"excerpt":{"rendered":"<p>Disponemos de un programa de cursos que impartimos en nuestras instalaciones o bien nos desplazamos hasta en las instalaciones del cliente si este nos lo solicita. Tambi\u00e9n contamos con nuestra propia plataforma de formaci\u00f3n online que puede utilizar para realizar el curso en el momento que m\u00e1s le convenga. El certificado \u00a0acreditativo es emitido de<a class=\"read-more\" href=\"https:\/\/labosur.es\/www\/formacion\/\">Read More<\/a><\/p>\n","protected":false},"author":3,"featured_media":0,"parent":0,"menu_order":3,"comment_status":"closed","ping_status":"closed","template":"","meta":[],"_links":{"self":[{"href":"https:\/\/labosur.es\/www\/wp-json\/wp\/v2\/pages\/19"}],"collection":[{"href":"https:\/\/labosur.es\/www\/wp-json\/wp\/v2\/pages"}],"about":[{"href":"https:\/\/labosur.es\/www\/wp-json\/wp\/v2\/types\/page"}],"author":[{"embeddable":true,"href":"https:\/\/labosur.es\/www\/wp-json\/wp\/v2\/users\/3"}],"replies":[{"embeddable":true,"href":"https:\/\/labosur.es\/www\/wp-json\/wp\/v2\/comments?post=19"}],"version-history":[{"count":23,"href":"https:\/\/labosur.es\/www\/wp-json\/wp\/v2\/pages\/19\/revisions"}],"predecessor-version":[{"id":440,"href":"https:\/\/labosur.es\/www\/wp-json\/wp\/v2\/pages\/19\/revisions\/440"}],"wp:attachment":[{"href":"https:\/\/labosur.es\/www\/wp-json\/wp\/v2\/media?parent=19"}],"curies":[{"name":"wp","href":"https:\/\/api.w.org\/{rel}","templated":true}]}}