{"id":2,"date":"2022-11-18T09:10:14","date_gmt":"2022-11-18T08:10:14","guid":{"rendered":"http:\/\/labosur.es\/www\/?page_id=2"},"modified":"2016-01-20T20:25:02","modified_gmt":"2016-01-20T19:25:02","slug":"quienes-somos","status":"publish","type":"page","link":"https:\/\/labosur.es\/www\/quienes-somos\/","title":{"rendered":"Quienes somos"},"content":{"rendered":"<p class=\"mnpa_a_panel\">Labosur es una marca comercial bajo la cual comercializa sus servicios el laboratorio de la empresa Adimel Andaluc\u00eda, la empresa fue fundada en el a\u00f1o 1999 y su sede social se encuentra en la localidad de Marchena, provincia de Sevilla.<\/p>\n<p class=\"mnpa_a_panel\">A finales de los 90, las industrias del sector agroalimentario comenzaron a demandar en gran medida un servicio especializado en higiene y seguridad alimentaria, fue entonces cuando iniciamos esta actividad para la cual se ampliaron las instalaciones, creando el laboratorio de an\u00e1lisis de alimentos y aguas. Los servicios que hoy en d\u00eda ofrecemos a nuestros clientes son: an\u00e1lisis de alimentos y aguas; control higienico-sanitario de las industrias; asesoramiento e implantaci\u00f3n de programas de control de higiene y sistemas de autocontrol (APPCC); tr\u00e1mites administrativos para la obtenci\u00f3n de autorizaciones sanitarias de funcionamiento; formaci\u00f3n de manipuladores de alimentos. El \u00e1mbito de actuaci\u00f3n de estos servicios se encuentra en: industrias agroalimentarias; centros p\u00fablicos; piscinas de uso colectivo e industrias.<\/p>\n<p class=\"mnpa_a_panel\">Labosur est\u00e1 formado por equipo humano que dan cobertura a todos los departamentos con mucha ilusi\u00f3n y entusiasmo. Resultar\u00eda muy f\u00e1cil decir aqu\u00ed lo bien que hacemos las cosas, que nuestros servicios son los mejores y lo contento que est\u00e1n nuestros clientes, nosotros no vamos a decir nada de eso, nosotros queremos demostr\u00e1rtelo.<\/p>\n<p class=\"mnpa_a_panel\">\u00a1Estaremos encantados de contar contigo, seguro que no te defraudaremos!<\/p>\n","protected":false},"excerpt":{"rendered":"<p>Labosur es una marca comercial bajo la cual comercializa sus servicios el laboratorio de la empresa Adimel Andaluc\u00eda, la empresa fue fundada en el a\u00f1o 1999 y su sede social se encuentra en la localidad de Marchena, provincia de Sevilla. A finales de los 90, las industrias del sector agroalimentario comenzaron a demandar en gran<a class=\"read-more\" href=\"https:\/\/labosur.es\/www\/quienes-somos\/\">Read More<\/a><\/p>\n","protected":false},"author":3,"featured_media":0,"parent":0,"menu_order":6,"comment_status":"closed","ping_status":"closed","template":"","meta":[],"_links":{"self":[{"href":"https:\/\/labosur.es\/www\/wp-json\/wp\/v2\/pages\/2"}],"collection":[{"href":"https:\/\/labosur.es\/www\/wp-json\/wp\/v2\/pages"}],"about":[{"href":"https:\/\/labosur.es\/www\/wp-json\/wp\/v2\/types\/page"}],"author":[{"embeddable":true,"href":"https:\/\/labosur.es\/www\/wp-json\/wp\/v2\/users\/3"}],"replies":[{"embeddable":true,"href":"https:\/\/labosur.es\/www\/wp-json\/wp\/v2\/comments?post=2"}],"version-history":[{"count":3,"href":"https:\/\/labosur.es\/www\/wp-json\/wp\/v2\/pages\/2\/revisions"}],"predecessor-version":[{"id":211,"href":"https:\/\/labosur.es\/www\/wp-json\/wp\/v2\/pages\/2\/revisions\/211"}],"wp:attachment":[{"href":"https:\/\/labosur.es\/www\/wp-json\/wp\/v2\/media?parent=2"}],"curies":[{"name":"wp","href":"https:\/\/api.w.org\/{rel}","templated":true}]}}