{"id":28,"date":"2022-01-19T23:19:24","date_gmt":"2022-01-19T22:19:24","guid":{"rendered":"http:\/\/labosur.es\/www\/?page_id=28"},"modified":"2016-01-11T07:27:03","modified_gmt":"2016-01-11T06:27:03","slug":"piscinas","status":"publish","type":"page","link":"https:\/\/labosur.es\/www\/piscinas\/","title":{"rendered":"Piscinas"},"content":{"rendered":"<p><a href=\"http:\/\/labosur.es\/www\/wp-content\/uploads\/2010\/01\/piscina2.jpg\" rel=\"attachment wp-att-26\"><img decoding=\"async\" loading=\"lazy\" class=\"size-full wp-image-26 aligncenter\" src=\"http:\/\/labosur.es\/www\/wp-content\/uploads\/2010\/01\/piscina2.jpg\" alt=\"piscina2\" width=\"250\" height=\"188\" \/><\/a><\/p>\n<table border=\"0\">\n<tbody>\n<tr>\n<td>LABOSUR realiza los controles de calidad de un gran n\u00famero de piscinas de uso colectivo para Clubs Privados, Comunidades de Propietarios, Campings y Piscinas Municipales, tanto de la Comunidad Aut\u00f3noma de Extremadura como de Andaluc\u00eda.<\/td>\n<\/tr>\n<\/tbody>\n<\/table>\n<p>Los servicios que ofrecemos:<\/p>\n<ul>\n<li>Asesoramiento para el dise\u00f1o de piscinas de nueva construcci\u00f3n.<\/li>\n<li>Tr\u00e1mites apertura ante los organismos competente. Confecci\u00f3n y diligencia de libros de registro.<\/li>\n<li>An\u00e1lisis de la calidad del agua de llenado: Pozos, manantiales, cauces, etc&#8230;<\/li>\n<li>An\u00e1lisis de la calidad del agua de los vasos.<\/li>\n<li>Asesoramiento para el mantenimiento y cuidado de los vasos.<\/li>\n<li>Tratamientos para la prevenci\u00f3n y control de plagas.<\/li>\n<li>Tratamientos para la prevenci\u00f3n y control de legionella<\/li>\n<li>Formaci\u00f3n del personal de mantenimiento<\/li>\n<li>Control integral de las instalaciones<\/li>\n<\/ul>\n","protected":false},"excerpt":{"rendered":"<p>LABOSUR realiza los controles de calidad de un gran n\u00famero de piscinas de uso colectivo para Clubs Privados, Comunidades de Propietarios, Campings y Piscinas Municipales, tanto de la Comunidad Aut\u00f3noma de Extremadura como de Andaluc\u00eda. Los servicios que ofrecemos: Asesoramiento para el dise\u00f1o de piscinas de nueva construcci\u00f3n. Tr\u00e1mites apertura ante los organismos competente. Confecci\u00f3n<a class=\"read-more\" href=\"https:\/\/labosur.es\/www\/piscinas\/\">Read More<\/a><\/p>\n","protected":false},"author":3,"featured_media":0,"parent":0,"menu_order":4,"comment_status":"closed","ping_status":"closed","template":"","meta":[],"_links":{"self":[{"href":"https:\/\/labosur.es\/www\/wp-json\/wp\/v2\/pages\/28"}],"collection":[{"href":"https:\/\/labosur.es\/www\/wp-json\/wp\/v2\/pages"}],"about":[{"href":"https:\/\/labosur.es\/www\/wp-json\/wp\/v2\/types\/page"}],"author":[{"embeddable":true,"href":"https:\/\/labosur.es\/www\/wp-json\/wp\/v2\/users\/3"}],"replies":[{"embeddable":true,"href":"https:\/\/labosur.es\/www\/wp-json\/wp\/v2\/comments?post=28"}],"version-history":[{"count":6,"href":"https:\/\/labosur.es\/www\/wp-json\/wp\/v2\/pages\/28\/revisions"}],"predecessor-version":[{"id":234,"href":"https:\/\/labosur.es\/www\/wp-json\/wp\/v2\/pages\/28\/revisions\/234"}],"wp:attachment":[{"href":"https:\/\/labosur.es\/www\/wp-json\/wp\/v2\/media?parent=28"}],"curies":[{"name":"wp","href":"https:\/\/api.w.org\/{rel}","templated":true}]}}