{"id":33,"date":"2022-01-19T23:32:12","date_gmt":"2022-01-19T22:32:12","guid":{"rendered":"http:\/\/labosur.es\/www\/?page_id=33"},"modified":"2016-01-20T19:41:07","modified_gmt":"2016-01-20T18:41:07","slug":"consultoria-asesoria","status":"publish","type":"page","link":"https:\/\/labosur.es\/www\/consultoria-asesoria\/","title":{"rendered":"Consultor\u00eda asesor\u00eda"},"content":{"rendered":"<p>Servicio de consultor\u00eda asesor\u00eda para industrias del sector agroalimentario.<a href=\"http:\/\/labosur.es\/www\/wp-content\/uploads\/2010\/01\/mark-516278_1280.jpg\" rel=\"attachment wp-att-223\"><img decoding=\"async\" loading=\"lazy\" class=\"aligncenter wp-image-223 size-medium\" src=\"http:\/\/labosur.es\/www\/wp-content\/uploads\/2010\/01\/mark-516278_1280-300x212.jpg\" alt=\"Consultor\u00eda asesor\u00eda\" width=\"300\" height=\"212\" srcset=\"https:\/\/labosur.es\/www\/wp-content\/uploads\/2010\/01\/mark-516278_1280-300x212.jpg 300w, https:\/\/labosur.es\/www\/wp-content\/uploads\/2010\/01\/mark-516278_1280-768x542.jpg 768w, https:\/\/labosur.es\/www\/wp-content\/uploads\/2010\/01\/mark-516278_1280-1024x722.jpg 1024w, https:\/\/labosur.es\/www\/wp-content\/uploads\/2010\/01\/mark-516278_1280.jpg 1280w\" sizes=\"(max-width: 300px) 100vw, 300px\" \/><\/a><\/p>\n<p>Toda industria alimentaria est\u00e1 sujeta al cumplimiento de alguna Normativa o Reglamentaci\u00f3n T\u00e9cnico-Sanitaria, adem\u00e1s antes de su puesta en marcha deber\u00e1 contar con la preceptiva Autorizaci\u00f3n Sanitaria de Funcionamiento y contar con la inscripci\u00f3n en el Registro Sanitario de Alimentos.<\/p>\n<p>Esto conlleva a acometer una elevada inversi\u00f3n para adaptar la actividad a todas las condiciones higi\u00e9nicas y sanitarias requeridas por el establecimiento, el equipamiento, las instalaciones, el personal y los productos.<\/p>\n<p>Labosur le ofrece a las empresas del sector agroalimentario un servicio integral, desde el estudio y dise\u00f1o de la infraestructura necesaria, hasta la puesta en marcha de la industria. A continuaci\u00f3n se relacionan todas las etapas y que podemos ofrecer tanto de forma parcial como global, de esta forma podr\u00e1 emplear todo su tiempo en las tareas comerciales de su negocio.<\/p>\n<ul>\n<li>Estudio y dise\u00f1o del establecimiento e instalaciones<\/li>\n<li>Elaboraci\u00f3n de PGH (Planes Generales de Higiene)<\/li>\n<li>Solicitud de Inscripci\u00f3n Inicial en el Registro Sanitario de Alimentos<\/li>\n<li>Formaci\u00f3n del Personal<\/li>\n<li>Implantaci\u00f3n de PGH<\/li>\n<li>Elaboraci\u00f3n del plan APPCC<\/li>\n<li>Implantaci\u00f3n del plan APPCC<\/li>\n<li>Verificaciones peri\u00f3dicas de PGH y APPCC<\/li>\n<li>Implantaci\u00f3n de sistemas avanzados.<\/li>\n<li>Auditor\u00edas e inspecciones.<\/li>\n<\/ul>\n","protected":false},"excerpt":{"rendered":"<p>Servicio de consultor\u00eda asesor\u00eda para industrias del sector agroalimentario. Toda industria alimentaria est\u00e1 sujeta al cumplimiento de alguna Normativa o Reglamentaci\u00f3n T\u00e9cnico-Sanitaria, adem\u00e1s antes de su puesta en marcha deber\u00e1 contar con la preceptiva Autorizaci\u00f3n Sanitaria de Funcionamiento y contar con la inscripci\u00f3n en el Registro Sanitario de Alimentos. Esto conlleva a acometer una elevada<a class=\"read-more\" href=\"https:\/\/labosur.es\/www\/consultoria-asesoria\/\">Read More<\/a><\/p>\n","protected":false},"author":3,"featured_media":0,"parent":0,"menu_order":2,"comment_status":"closed","ping_status":"closed","template":"","meta":[],"_links":{"self":[{"href":"https:\/\/labosur.es\/www\/wp-json\/wp\/v2\/pages\/33"}],"collection":[{"href":"https:\/\/labosur.es\/www\/wp-json\/wp\/v2\/pages"}],"about":[{"href":"https:\/\/labosur.es\/www\/wp-json\/wp\/v2\/types\/page"}],"author":[{"embeddable":true,"href":"https:\/\/labosur.es\/www\/wp-json\/wp\/v2\/users\/3"}],"replies":[{"embeddable":true,"href":"https:\/\/labosur.es\/www\/wp-json\/wp\/v2\/comments?post=33"}],"version-history":[{"count":7,"href":"https:\/\/labosur.es\/www\/wp-json\/wp\/v2\/pages\/33\/revisions"}],"predecessor-version":[{"id":432,"href":"https:\/\/labosur.es\/www\/wp-json\/wp\/v2\/pages\/33\/revisions\/432"}],"wp:attachment":[{"href":"https:\/\/labosur.es\/www\/wp-json\/wp\/v2\/media?parent=33"}],"curies":[{"name":"wp","href":"https:\/\/api.w.org\/{rel}","templated":true}]}}