{"id":685,"date":"2023-06-10T07:10:07","date_gmt":"2023-06-10T06:10:07","guid":{"rendered":"http:\/\/labosur.es\/www\/?page_id=685"},"modified":"2023-06-10T07:10:07","modified_gmt":"2023-06-10T06:10:07","slug":"politica-de-privacidad","status":"publish","type":"page","link":"https:\/\/labosur.es\/www\/politica-de-privacidad\/","title":{"rendered":"Pol\u00edtica de privacidad"},"content":{"rendered":"\n<p>En los siguientes apartados se va a informar sobre las condiciones y uso de los datos personales que labosur.es recopila y el tratamiento que hace de los mismos.<\/p>\n\n\n\n<p>En el tratamiento de datos de car\u00e1cter personal, labosur.es garantiza el cumplimiento del Reglamento (UE) 2016\/679 del Parlamento Europeo y del Consejo relativo a la protecci\u00f3n de las personas f\u00edsicas. Dicha norma tiene por objeto garantizar y proteger, en lo que concierne al tratamiento de datos personales, las libertades p\u00fablicas y los derechos fundamentales de las personas f\u00edsicas y, en especial, su honor e intimidad personal y familiar. La utilizaci\u00f3n del sitio web labosur.es implica la aceptaci\u00f3n de las pol\u00edticas de privacidad. En caso de no aceptar total o parcialmente estas pol\u00edticas de privacidad el usuario no deber\u00e1 continuar navegando.<\/p>\n\n\n\n<p>Labosur.es se reserva el derecho a modificar las pol\u00edticas de privacidad con el fin de adaptarlas a nuevas legislaciones o al cambio del tratamiento que se hacen con los datos de car\u00e1cter personal.<\/p>\n\n\n\n<h2 class=\"wp-block-heading\">Principio de Calidad<\/h2>\n\n\n\n<p>Se informa que los datos recopilados desde el formulario de contacto de la web labosur.es son los m\u00ednimos necesarios para mantener una comunicaci\u00f3n comercial eficaz. La comunicaci\u00f3n comercial siempre ser\u00e1 iniciada por el usuario interesado el cual, en el mismo momento de solicitar la informaci\u00f3n da su consentimiento para aceptar las condiciones tanto de las Pol\u00edticas de Privacidad como las del Aviso Legal. El usuario deber\u00e1 aceptar expresamente que ha le\u00eddo y acepta todos los t\u00e9rminos legales indicados para poder utilizar el formulario de contacto.<\/p>\n\n\n\n<h2 class=\"wp-block-heading\">Finalidad del tratamiento<\/h2>\n\n\n\n<p>Nuestro sitio web usa los datos de car\u00e1cter personal proporcionados por el usuario mediante el formulario de contacto. Estos datos se usar\u00e1n para hacer ofertas comerciales y responder a las demandas de los usuarios. Tambi\u00e9n podr\u00edan usarse para campa\u00f1as comerciales.<\/p>\n\n\n\n<h2 class=\"wp-block-heading\">Recopilaci\u00f3n de informaci\u00f3n<\/h2>\n\n\n\n<p>La informaci\u00f3n que se recopila puede ser de dos tipos:<\/p>\n\n\n\n<p>&#8211; La recopilada mediante el formulario de contacto, la cual ser\u00e1 utilizada para responder a las peticiones y demandas del solicitante.<\/p>\n\n\n\n<p>&#8211; La recopilada por Google Analytics mediante las cookies, la cual ser\u00e1 usada para ver mejorar la experiencia de usuario en la web. Esta informaci\u00f3n nunca contar\u00e1 con datos personales que puedan identificar a la persona inequ\u00edvocamente. Para m\u00e1s informaci\u00f3n, leer el apartado Cookies.<\/p>\n\n\n\n<h2 class=\"wp-block-heading\">Protecci\u00f3n de la informaci\u00f3n personal<\/h2>\n\n\n\n<p>Labosur.es se compromete a proteger la informaci\u00f3n aplicando las medidas oportunas y revisando peri\u00f3dicamente el buen funcionamiento de las mismas.<\/p>\n\n\n\n<h2 class=\"wp-block-heading\">Derechos de los usuarios<\/h2>\n\n\n\n<p>Los usuarios podr\u00e1n ejercer los derechos de acceso, rectificaci\u00f3n, supresi\u00f3n, oposici\u00f3n, portabilidad y limitaci\u00f3n dirigi\u00e9ndose a labosur.es mediante correo electr\u00f3nico a labosur(arroba)labosur.es acreditando su identidad con una copia de su documento de identificaci\u00f3n y especificando el derecho que desea ejercer.<\/p>\n\n\n\n<h2 class=\"wp-block-heading\">Uso de la web por parte de menores<\/h2>\n\n\n\n<p>labosur.es es una p\u00e1gina web apta para personas de cualquier edad. Los usuarios de este sitio web menores de 14 a\u00f1os, aunque pueden usar la web, no tienen permitido el solicitar informaci\u00f3n comercial. Los usuarios menores de edad que tengan 14 a\u00f1os o m\u00e1s podr\u00e1n solicitar informaci\u00f3n comercial pero siempre con autorizaci\u00f3n para el tratamiento de datos personales de su responsable legal. El incumplimiento de estas condiciones ser\u00e1 exclusivamente responsabilidad del usuario de la web.<\/p>\n\n\n\n<h2 class=\"wp-block-heading\">Plazo de conservaci\u00f3n<\/h2>\n\n\n\n<p>Labosur.es conservar\u00e1 los datos de car\u00e1cter personal durante el tiempo estrictamente necesario o hasta que el usuario decida ejercer alguno de los derechos que impliquen la eliminaci\u00f3n de los mismos.<\/p>\n\n\n\n<p>La ley aplicable en caso de disputa o conflicto de interpretaci\u00f3n de t\u00e9rminos ser\u00e1 la espa\u00f1ola. La resoluci\u00f3n de cualquier controversia, se realizar\u00e1 exclusivamente en juzgados espa\u00f1oles.<\/p>\n\n\n\n<h2 class=\"wp-block-heading\">Cookies<\/h2>\n\n\n\n<p>Este sitio web utiliza cookies para mejorar la experiencia de usuario. Las cookies son documentos de textos de peque\u00f1o tama\u00f1o almacenados en el disco duro del usuario en el que se recogen las preferencias del mismo al navegar por Internet.<\/p>\n\n\n\n<p>La acci\u00f3n de continuar navegando por la web labosur.es lleva impl\u00edcito el hecho de aceptar el aviso legal sobre las cookies y todos los textos legales recogidos en la web. Si el usuario no est\u00e1 de acuerdo con los mismos, deber\u00e1 abandonar la web inmediatamente.<\/p>\n\n\n\n<p>La informaci\u00f3n generada por las cookies es recopilada y tratada por el servicio Google Analytics de la empresa Google Inc. cuya oficina principal se ubica en la direcci\u00f3n 1600 Amphitheatre Parkway, Mountain View CA 94043 (California, Estados Unidos). Labosur.es se limita a usar la informaci\u00f3n tratada por Google Analytics pero en ning\u00fan caso, recopila ni trata directamente las cookies.<\/p>\n\n\n\n<p>Google Analytics recopila informaci\u00f3n sobre preferencias del usuario tal como qu\u00e9 uso hace de la web, de que ciudad procede, cu\u00e1nto tiempo permanece en la misma entre otras. Por otro lado, Codemartia.com nunca tendr\u00e1 acceso a informaci\u00f3n que pueda identificar a la persona (nombre, apellidos, documento de identificaci\u00f3n, direcci\u00f3n postal, entre otras) que utiliza la web ni contenido alguno de su disco duro. Al aceptar las cookies est\u00e1 permitiendo que Google Inc recopile sus cookies<\/p>\n\n\n\n<p>Se recuerda al usuario que si no desea que la web codemartia.com use las cookies, puede desactivarlas desde el navegador web que est\u00e9 usando. Sin embargo, esta acci\u00f3n puede hacer que determinadas partes de la web no funcionen como deber\u00edan.<\/p>\n\n\n\n<h2 class=\"wp-block-heading\">Actualizaci\u00f3n y cambio en pol\u00edtica de Cookies<\/h2>\n\n\n\n<p>Esta pol\u00edtica puede cambiar para cumplir con futuros cambios sobre la Ley de Cookies Real Decreto-ley 13\/2012, por eso te recomendamos revisar esta informaci\u00f3n peri\u00f3dicamente.<\/p>\n","protected":false},"excerpt":{"rendered":"<p>En los siguientes apartados se va a informar sobre las condiciones y uso de los datos personales que labosur.es recopila y el tratamiento que hace de los mismos. En el tratamiento de datos de car\u00e1cter personal, labosur.es garantiza el cumplimiento del Reglamento (UE) 2016\/679 del Parlamento Europeo y del Consejo relativo a la protecci\u00f3n de<a class=\"read-more\" href=\"https:\/\/labosur.es\/www\/politica-de-privacidad\/\">Read More<\/a><\/p>\n","protected":false},"author":3,"featured_media":0,"parent":0,"menu_order":0,"comment_status":"closed","ping_status":"closed","template":"","meta":[],"_links":{"self":[{"href":"https:\/\/labosur.es\/www\/wp-json\/wp\/v2\/pages\/685"}],"collection":[{"href":"https:\/\/labosur.es\/www\/wp-json\/wp\/v2\/pages"}],"about":[{"href":"https:\/\/labosur.es\/www\/wp-json\/wp\/v2\/types\/page"}],"author":[{"embeddable":true,"href":"https:\/\/labosur.es\/www\/wp-json\/wp\/v2\/users\/3"}],"replies":[{"embeddable":true,"href":"https:\/\/labosur.es\/www\/wp-json\/wp\/v2\/comments?post=685"}],"version-history":[{"count":1,"href":"https:\/\/labosur.es\/www\/wp-json\/wp\/v2\/pages\/685\/revisions"}],"predecessor-version":[{"id":686,"href":"https:\/\/labosur.es\/www\/wp-json\/wp\/v2\/pages\/685\/revisions\/686"}],"wp:attachment":[{"href":"https:\/\/labosur.es\/www\/wp-json\/wp\/v2\/media?parent=685"}],"curies":[{"name":"wp","href":"https:\/\/api.w.org\/{rel}","templated":true}]}}