{"id":90,"date":"2022-04-21T18:33:00","date_gmt":"2022-04-21T17:33:00","guid":{"rendered":"http:\/\/labosur.es\/www\/?page_id=90"},"modified":"2016-01-20T20:25:58","modified_gmt":"2016-01-20T19:25:58","slug":"politica-de-calidad","status":"publish","type":"page","link":"https:\/\/labosur.es\/www\/politica-de-calidad\/","title":{"rendered":"Pol\u00edtica de Calidad"},"content":{"rendered":"<p style=\"text-align: justify;\">ADIMEL ANDALUC\u00cdA, S.C. manifiesta su pol\u00edtica de calidad mediante un firme compromiso de satisfacer plenamente los requerimientos y expectativas de sus Clientes, para esto ADIMEL ANDALUC\u00cdA, S.C. adopta un sistema de Gesti\u00f3n de la Calidad basado en los requisitos de la Norma UNE-EN-ISO 9001:2008, cuyos objetivos principales son:<\/p>\n<ul style=\"text-align: justify;\">\n<li>El cumplimiento de los requisitos ofertados a los clientes.<\/li>\n<li>Mantener, desarrollar y mejorar de forma continua los procesos, procedimientos y servicios.<\/li>\n<li>Asegurar que todo el personal que desarrolle y participe en las actividad de la empresa, se familiarice con la documentaci\u00f3n sobre calidad y ponga en pr\u00e1ctica adecuadamente los procedimientos relacionados con su trabajo.<\/li>\n<li>Conservar los equipos de ensayo en un estado tal que garanticen resultados fiables, por lo que a las actuaciones espec\u00edficas de mantenimiento de cada uno de ellos, se unir\u00e1 un programa de verificaci\u00f3n y calibraci\u00f3n, tanto interna como externa.<\/li>\n<li>Establecer m\u00e9todos de ensayo perfectamente definidos, documentados y actualizados.<br \/>\nGarantizar el nivel adecuado de formaci\u00f3n del personal para el correcto desarrollo de sus actividades.<\/li>\n<li>Desarrollo pleno del potencial de sus trabajadores, creando un ambiente favorable para el trabajo en equipo y satisfacci\u00f3n personal.<\/li>\n<li>Mantenimiento de las condiciones de trabajo para lograr la satisfacci\u00f3n y seguridad de sus trabajadores.<\/li>\n<\/ul>\n<p style=\"text-align: justify;\">Es voluntad de la Direcci\u00f3n de ADIMEL ANDALUC\u00cdA, S.C. que esta Pol\u00edtica de Calidad sea la base para todas las actuaciones futuras de la entidad, as\u00ed como de los Objetivos de Calidad definidos.<br \/>\nEl Gerente<br \/>\nEdici\u00f3n 1\u00aa &#8211; 1\/12\/2009<\/p>\n","protected":false},"excerpt":{"rendered":"<p>ADIMEL ANDALUC\u00cdA, S.C. manifiesta su pol\u00edtica de calidad mediante un firme compromiso de satisfacer plenamente los requerimientos y expectativas de sus Clientes, para esto ADIMEL ANDALUC\u00cdA, S.C. adopta un sistema de Gesti\u00f3n de la Calidad basado en los requisitos de la Norma UNE-EN-ISO 9001:2008, cuyos objetivos principales son: El cumplimiento de los requisitos ofertados a<a class=\"read-more\" href=\"https:\/\/labosur.es\/www\/politica-de-calidad\/\">Read More<\/a><\/p>\n","protected":false},"author":3,"featured_media":0,"parent":0,"menu_order":7,"comment_status":"closed","ping_status":"closed","template":"","meta":[],"_links":{"self":[{"href":"https:\/\/labosur.es\/www\/wp-json\/wp\/v2\/pages\/90"}],"collection":[{"href":"https:\/\/labosur.es\/www\/wp-json\/wp\/v2\/pages"}],"about":[{"href":"https:\/\/labosur.es\/www\/wp-json\/wp\/v2\/types\/page"}],"author":[{"embeddable":true,"href":"https:\/\/labosur.es\/www\/wp-json\/wp\/v2\/users\/3"}],"replies":[{"embeddable":true,"href":"https:\/\/labosur.es\/www\/wp-json\/wp\/v2\/comments?post=90"}],"version-history":[{"count":5,"href":"https:\/\/labosur.es\/www\/wp-json\/wp\/v2\/pages\/90\/revisions"}],"predecessor-version":[{"id":236,"href":"https:\/\/labosur.es\/www\/wp-json\/wp\/v2\/pages\/90\/revisions\/236"}],"wp:attachment":[{"href":"https:\/\/labosur.es\/www\/wp-json\/wp\/v2\/media?parent=90"}],"curies":[{"name":"wp","href":"https:\/\/api.w.org\/{rel}","templated":true}]}}